{"id":48,"date":"2012-03-11T09:35:50","date_gmt":"2012-03-11T08:35:50","guid":{"rendered":"http:\/\/wp1098595.wp134.webpack.hosteurope.de\/?page_id=48"},"modified":"2022-04-17T11:20:15","modified_gmt":"2022-04-17T10:20:15","slug":"impressum","status":"publish","type":"page","link":"https:\/\/www.yachtclub-steinberghaff.de\/?page_id=48","title":{"rendered":"Impressum"},"content":{"rendered":"<p><span style=\"font-family: arial, helvetica, sans-serif;\"><strong>Yachtclub Steinberghaff e.V.\u00a0 \u00a0\u00a0<\/strong><\/span><\/p>\n<p><span style=\"font-family: arial, helvetica, sans-serif;\">J\u00fcrgen Wessel<\/span><br \/>\n<span style=\"font-family: arial, helvetica, sans-serif;\">Kantstra\u00dfe 34<\/span><br \/>\n<span style=\"font-family: arial, helvetica, sans-serif;\">24943 Flensburg<\/span><\/p>\n<p><span style=\"font-family: arial, helvetica, sans-serif;\">Tel.: (04 61) 6 43 57<\/span><br \/>\n<span style=\"font-family: arial, helvetica, sans-serif;\">Fax: (04 61) 6 32 71<\/span><\/p>\n<p><span style=\"font-family: arial, helvetica, sans-serif;\">VR: 687SL<\/span><br \/>\n<span style=\"font-family: arial, helvetica, sans-serif;\">St.-Nr.: 15290<\/span><\/p>\n<p>&nbsp;<\/p>\n<p class=\"auto-style7\"><span style=\"font-family: arial, helvetica, sans-serif;\"><strong><span class=\"auto-style6\">Erkl\u00e4rung zum Datenschutz auf den Web-Seiten dieser Internetpr\u00e4senz (DSGVO)<\/span><\/strong><span class=\"auto-style5\"><br \/>\n<\/span><\/span><\/p>\n<ul>\n<li>\n<p class=\"auto-style2\"><span style=\"font-family: arial, helvetica, sans-serif; font-size: 14px;\"><span class=\"auto-style5\">Auf den Webseiten dieser Internetpr\u00e4senz werden <strong>keinerlei<\/strong> Daten der Besucher dieser Webseiten erhoben, gespeichert und weiterverarbeitet.<\/span><\/span><\/p>\n<\/li>\n<li>\n<p class=\"auto-style2\"><span style=\"font-family: arial, helvetica, sans-serif; font-size: 14px;\"><span class=\"auto-style5\">Die vom Browser der Besucher dieser Webseiten \u00fcbermittelte IP-Adresse wird <strong>nicht<\/strong> gespeichert oder in irgend einer Form weiterverwendet.<\/span><\/span><\/p>\n<\/li>\n<li>\n<p class=\"auto-style2\"><span style=\"font-family: arial, helvetica, sans-serif; font-size: 14px;\"><span class=\"auto-style5\">Es werden <strong>keine<\/strong> Cookies auf den Rechnern der Besucher gespeichert.<\/span><\/span><\/p>\n<\/li>\n<\/ul>\n<p>&nbsp;<\/p>\n<p><span style=\"font-family: arial, helvetica, sans-serif;\"><strong>Disclaimer\/Haftungsausschluss<\/strong><\/span><\/p>\n<p align=\"justify\"><span style=\"font-size: 12px; font-family: arial, helvetica, sans-serif;\"><strong>1. Inhalt<\/strong><\/span><br \/>\n<span style=\"font-family: arial, helvetica, sans-serif; font-size: 12px;\">Diese Webseiten wurde mit dem gr\u00f6\u00dftm\u00f6glichen Ma\u00df an Sorgfalt zusammengestellt. Wir \u00fcbernehmen dennoch keinerlei Gew\u00e4hr f\u00fcr die Aktualit\u00e4t, Korrektheit, Vollst\u00e4ndigkeit oder Qualit\u00e4t der hier bereitgestellten Informationen oder den jederzeitigen st\u00f6rungsfreien Zugang. Haftungsanspr\u00fcche, welche sich auf Sch\u00e4den materieller oder ideeller Art beziehen, die durch die Nutzung der dargebotenen Informationen bzw. durch die Nutzung fehlerhafter und unvollst\u00e4ndiger Informationen verursacht wurden, sind grunds\u00e4tzlich ausgeschlossen. Alle Angebote und Termine sind freibleibend und unverbindlich. Wir behalten uns ausdr\u00fccklich vor, Teile der Seiten oder das gesamte Angebot ohne gesonderte Ank\u00fcndigung zu ver\u00e4ndern, zu erg\u00e4nzen, zu l\u00f6schen oder die Ver\u00f6ffentlichung zeitweise oder endg\u00fcltig einzustellen.<\/span><\/p>\n<p align=\"justify\"><span style=\"font-family: arial, helvetica, sans-serif; font-size: 12px;\"><strong>2. Links<\/strong><\/span><br \/>\n<span style=\"font-family: arial, helvetica, sans-serif; font-size: 12px;\">Wir sind nicht verantwortlich f\u00fcr die Inhalte externer Internetseiten. Direkte und indirekte Verweise (Links) liegen au\u00dferhalb unseres Verantwortungsbereiches und wir erkl\u00e4ren hiermit ausdr\u00fccklich, dass zum Zeitpunkt der Linksetzung keine illegalen Inhalte auf den zu verlinkenden Seiten erkennbar waren. Wir distanzieren uns ausdr\u00fccklich von allen Inhalten aller gelinkten und verkn\u00fcpften Seiten, die nach der Linksetzung ver\u00e4ndert wurden.<\/span><\/p>\n<p align=\"justify\"><span style=\"font-size: 12px; font-family: arial, helvetica, sans-serif;\"><strong>3. Urheber- und Kennzeichenrechte<br \/>\n<\/strong>Alle innerhalb unserer Seite genannten und ggf. durch Dritte gesch\u00fctzten Marken- und Warenzeichen unterliegen uneingeschr\u00e4nkt den Bestimmungen des jeweils g\u00fcltigen Kennzeichenrechts und den Besitzrechten der jeweiligen eingetragenen Eigent\u00fcmer. Das Copyright f\u00fcr von uns ver\u00f6ffentlichte, selbst erstellte Text-, Bild-, und Tonbeitr\u00e4ge sowie das Copyright f\u00fcr die Programmierung und das Seitendesign bleibt allein bei Yachtclub Steinberghaff e.V., den jeweiligen Verfassern und dem Programmierer. Eine Vervielf\u00e4ltigung oder Verwendung dieser Beitr\u00e4ge und Programme in anderen elektronischen, digitalen oder gedruckten Publikationen ist ohne unsere ausdr\u00fcckliche Zustimmung nicht gestattet.<\/span><\/p>\n<p align=\"justify\"><span style=\"font-size: 12px; font-family: arial, helvetica, sans-serif;\"><strong>4. Forum und Kommentare<\/strong><\/span><br \/>\n<span style=\"font-family: arial, helvetica, sans-serif; font-size: 12px;\">Forumsbeitr\u00e4ge sowie alle anderen Fremdkommentare auf unseren Seiten geben die Meinung des jeweiligen Verfassers, nicht die der Betreiber wieder. Verantwortlich f\u00fcr die Beitr\u00e4ge und Kommentare sind die jeweiligen Nutzer. Wir erkl\u00e4ren hiermit ausdr\u00fccklich, dass illegale Inhalte innerhalb der Beitr\u00e4ge und Kommentare nicht gestattet sind, und zum Zeitpunkt der Ver\u00f6ffentlichung nicht erkennbar waren. Haftungsanspr\u00fcche welche sich auf illegale, fehlerhafte oder unvollst\u00e4ndige Inhalte und insbesondere auf Sch\u00e4den, die aus der Nutzung oder Nichtnutzung solcherart dargebotener Informationen beziehen, sind grunds\u00e4tzlich ausgeschlossen.<\/span><\/p>\n<p align=\"justify\"><span style=\"font-family: arial, helvetica, sans-serif; font-size: 12px;\"><strong>5. Datenschutz<\/strong><\/span><br \/>\n<span style=\"font-family: arial, helvetica, sans-serif; font-size: 12px;\">Innerhalb unserer Seite besteht die M\u00f6glichkeit zur Eingabe pers\u00f6nlicher oder gesch\u00e4ftlicher Daten (Emailadressen, Namen, Anschriften), die Preisgabe dieser Daten erfolgt seitens des Nutzers auf ausdr\u00fccklich freiwilliger Basis. Die Inanspruchnahme aller angebotenen Dienste ist, soweit technisch m\u00f6glich und zumutbar, auch ohne Angabe solcher Daten bzw. unter Angabe anonymer Daten oder eines Pseudonyms gestattet. Die Nutzung unserer im Rahmen des Impressums ver\u00f6ffentlichten Kontaktdaten wie Postanschriften, Telefon- und Faxnummern sowie Emailadressen durch Dritte zur \u00dcbersendung von nicht ausdr\u00fccklich angeforderten Informationen ist nicht gestattet. Bei Verst\u00f6\u00dfen gegen dieses Verbot und bei Versendern von Spam-Mails behalten wir uns ausdr\u00fccklich rechtliche Schritte vor. Online-Ver\u00f6ffentlichungen (Newsletter sowie sonstige Nachrichten) werden von unserer Webseite aus ausschlie\u00dflich auf Anforderung versendet. Ob der angegebene Adressat seine Anfrage pers\u00f6nlich gestellt hat oder ob die Anfrage von Dritten gestellt wurde, k\u00f6nnen wir nicht \u00fcberpr\u00fcfen. Wir sind stets bem\u00fcht unsere Adressenlisten so aktuell wie technisch m\u00f6glich zu f\u00fchren um unrichtige oder nicht mehr g\u00fcltige Anfragen schnellstm\u00f6glich auszuschlie\u00dfen. Jegliche Haftungsanspr\u00fcche, die sich auf Sch\u00e4den durch einen Missbrauch dieses Dienstes beziehen, sind hiermit grunds\u00e4tzlich ausgeschlossen.<\/span><\/p>\n<p align=\"justify\"><span style=\"font-size: 12px; font-family: arial, helvetica, sans-serif;\"><strong>6. Salvatorische Klausel<br \/>\n<\/strong>Sofern Teile oder einzelne Formulierungen dieses vorstehenden Textes der geltenden Rechtslage nicht, nicht mehr oder nicht vollst\u00e4ndig entsprechen sollten, bleiben die \u00fcbrigen Teile des Dokumentes in ihrem Inhalt und ihrer G\u00fcltigkeit davon unber\u00fchrt.<\/span><\/p>\n","protected":false},"excerpt":{"rendered":"<p>Yachtclub Steinberghaff e.V.\u00a0 \u00a0\u00a0 J\u00fcrgen Wessel Kantstra\u00dfe 34 24943 Flensburg Tel.: (04 61) 6 43 57 Fax: (04 61) 6 32 71 VR: 687SL St.-Nr.: 15290 &nbsp; Erkl\u00e4rung zum Datenschutz auf den Web-Seiten dieser Internetpr\u00e4senz (DSGVO) Auf den Webseiten dieser Internetpr\u00e4senz werden keinerlei Daten der Besucher dieser Webseiten erhoben, gespeichert und weiterverarbeitet. Die vom Browser [&hellip;]<\/p>\n","protected":false},"author":8,"featured_media":0,"parent":0,"menu_order":0,"comment_status":"closed","ping_status":"closed","template":"","meta":{"footnotes":""},"class_list":["post-48","page","type-page","status-publish","hentry"],"_links":{"self":[{"href":"https:\/\/www.yachtclub-steinberghaff.de\/index.php?rest_route=\/wp\/v2\/pages\/48","targetHints":{"allow":["GET"]}}],"collection":[{"href":"https:\/\/www.yachtclub-steinberghaff.de\/index.php?rest_route=\/wp\/v2\/pages"}],"about":[{"href":"https:\/\/www.yachtclub-steinberghaff.de\/index.php?rest_route=\/wp\/v2\/types\/page"}],"author":[{"embeddable":true,"href":"https:\/\/www.yachtclub-steinberghaff.de\/index.php?rest_route=\/wp\/v2\/users\/8"}],"replies":[{"embeddable":true,"href":"https:\/\/www.yachtclub-steinberghaff.de\/index.php?rest_route=%2Fwp%2Fv2%2Fcomments&post=48"}],"version-history":[{"count":18,"href":"https:\/\/www.yachtclub-steinberghaff.de\/index.php?rest_route=\/wp\/v2\/pages\/48\/revisions"}],"predecessor-version":[{"id":555,"href":"https:\/\/www.yachtclub-steinberghaff.de\/index.php?rest_route=\/wp\/v2\/pages\/48\/revisions\/555"}],"wp:attachment":[{"href":"https:\/\/www.yachtclub-steinberghaff.de\/index.php?rest_route=%2Fwp%2Fv2%2Fmedia&parent=48"}],"curies":[{"name":"wp","href":"https:\/\/api.w.org\/{rel}","templated":true}]}}