{"id":43,"date":"2012-03-11T09:25:50","date_gmt":"2012-03-11T08:25:50","guid":{"rendered":"http:\/\/wp1098595.wp134.webpack.hosteurope.de\/?page_id=43"},"modified":"2022-04-17T19:12:04","modified_gmt":"2022-04-17T18:12:04","slug":"herzlich-willkommen","status":"publish","type":"page","link":"https:\/\/www.yachtclub-steinberghaff.de\/","title":{"rendered":"Herzlich willkommen"},"content":{"rendered":"<p align=\"justify\"><span style=\"font-family: arial, helvetica, sans-serif;\">Der Yachtclub Steinberghaff e.V. liegt an der Flensburger Au\u00dfenf\u00f6rde in der Geltinger Bucht. Ein wundersch\u00f6nes Revier. <\/span><span style=\"font-family: arial, helvetica, sans-serif;\">mit viel Platz f\u00fcr den Wassersport, ordentlich Wind, direkte N\u00e4he zu D\u00e4nemark und mit dem Tor zur offenen Ostsee.<\/span><\/p>\n<p style=\"text-align: center;\"><strong><span style=\"font-family: arial, helvetica, sans-serif;\"><a href=\"https:\/\/www.google.de\/maps\/@54.767546,9.8235674,83m\/data=!3m1!1e3\"><span style=\"color: #3366ff;\">Hier<\/span><\/a> sind wir: Pos.: 54\u00b0 46&#8217;03 N\u00a0 \/ 09\u00b0 49&#8217;23 E<\/span><\/strong><\/p>\n<p style=\"text-align: center;\"><span style=\"font-family: arial, helvetica, sans-serif;\">Wenn du wissen willst, ob es sich heute lohnt rauszufahren&#8230;:<br \/>\n<\/span><span style=\"font-family: arial, helvetica, sans-serif;\">Den aktuellen <strong>Wind<\/strong> in unserer Bucht kannst du<span style=\"color: #0000ff; font-size: 16px;\"> <span style=\"color: #3366ff;\"><a style=\"color: #3366ff;\" href=\"https:\/\/www.nordwind-ev.de\/index.php?id=15&amp;L=0\">hier<\/a><\/span> <\/span>abrufen.<\/span><\/p>\n<p><center>Du bist Besucher Nr.:<br \/>\n<img loading=\"lazy\" decoding=\"async\" class=\"alignnone\" style=\"border: none;\" src=\"\/\/c.andyhoppe.com\/1650216453\" alt=\"Besucherzaehler\" width=\"95\" height=\"22\" \/><\/a><\/center><\/p>\n","protected":false},"excerpt":{"rendered":"<p>Der Yachtclub Steinberghaff e.V. liegt an der Flensburger Au\u00dfenf\u00f6rde in der Geltinger Bucht. Ein wundersch\u00f6nes Revier. mit viel Platz f\u00fcr den Wassersport, ordentlich Wind, direkte N\u00e4he zu D\u00e4nemark und mit dem Tor zur offenen Ostsee. Hier sind wir: Pos.: 54\u00b0 46&#8217;03 N\u00a0 \/ 09\u00b0 49&#8217;23 E Wenn du wissen willst, ob es sich heute lohnt [&hellip;]<\/p>\n","protected":false},"author":8,"featured_media":34,"parent":0,"menu_order":0,"comment_status":"closed","ping_status":"closed","template":"","meta":{"footnotes":""},"class_list":["post-43","page","type-page","status-publish","has-post-thumbnail","hentry"],"_links":{"self":[{"href":"https:\/\/www.yachtclub-steinberghaff.de\/index.php?rest_route=\/wp\/v2\/pages\/43","targetHints":{"allow":["GET"]}}],"collection":[{"href":"https:\/\/www.yachtclub-steinberghaff.de\/index.php?rest_route=\/wp\/v2\/pages"}],"about":[{"href":"https:\/\/www.yachtclub-steinberghaff.de\/index.php?rest_route=\/wp\/v2\/types\/page"}],"author":[{"embeddable":true,"href":"https:\/\/www.yachtclub-steinberghaff.de\/index.php?rest_route=\/wp\/v2\/users\/8"}],"replies":[{"embeddable":true,"href":"https:\/\/www.yachtclub-steinberghaff.de\/index.php?rest_route=%2Fwp%2Fv2%2Fcomments&post=43"}],"version-history":[{"count":53,"href":"https:\/\/www.yachtclub-steinberghaff.de\/index.php?rest_route=\/wp\/v2\/pages\/43\/revisions"}],"predecessor-version":[{"id":576,"href":"https:\/\/www.yachtclub-steinberghaff.de\/index.php?rest_route=\/wp\/v2\/pages\/43\/revisions\/576"}],"wp:featuredmedia":[{"embeddable":true,"href":"https:\/\/www.yachtclub-steinberghaff.de\/index.php?rest_route=\/wp\/v2\/media\/34"}],"wp:attachment":[{"href":"https:\/\/www.yachtclub-steinberghaff.de\/index.php?rest_route=%2Fwp%2Fv2%2Fmedia&parent=43"}],"curies":[{"name":"wp","href":"https:\/\/api.w.org\/{rel}","templated":true}]}}