{"id":38,"date":"2012-03-11T09:22:02","date_gmt":"2012-03-11T08:22:02","guid":{"rendered":"http:\/\/wp1098595.wp134.webpack.hosteurope.de\/?page_id=38"},"modified":"2025-05-20T10:36:03","modified_gmt":"2025-05-20T09:36:03","slug":"der-verein","status":"publish","type":"page","link":"https:\/\/www.yachtclub-steinberghaff.de\/?page_id=38","title":{"rendered":"Der Verein"},"content":{"rendered":"<p align=\"justify\"><span style=\"font-family: arial, helvetica, sans-serif;\">Der Yachtclub Steinberghaff e.V. wurde am 01.07.1966 von Fritz Augustin, Herbert Bahnsen, Paul Funke, Rudolf Winter, Peter Paulsen, Erich Schulz, Ernst Sprenger, Harald Sprenger, Wolfgang Winkler und Hans Hollesen gegr\u00fcndet. Paul Funke wurde zum 1. Vorsitzenden gew\u00e4hlt. Neben einer Br\u00fcckengemeinschaft wurde ebenfalls ein Bojenfeld erschlossen. Der Yachtclub veranstaltet seit jeher Segelregatten, Geschwaderfahrten und Skipperfeste, an denen alle Mitglieder regelm\u00e4\u00dfig zusammen kommen. Etwaige Berichte werden stets im Flensburger Tageblatt ver\u00f6ffentlicht. Mit der Einweihung der Bootshalle am 28.10.1969 wurde auch ein Winterstellplatz f\u00fcr die Boote sowie ein Vereinsheim erm\u00f6glicht. Die Halle wurde von\u00a0 Vereinsmitgliedern in Eigenleistung erbaut.<br \/>\n<\/span><span style=\"font-family: arial, helvetica, sans-serif;\">Im Verein finden j\u00e4hrlich diverse Veranstaltungen statt, die der aktuellen Terminliste entnommen werden k\u00f6nnen. <\/span><span style=\"font-family: arial, helvetica, sans-serif;\">Des Weiteren herrscht stets ein reges Clubtreiben, das das Gemeinschaftsleben verst\u00e4rkt.<\/span><\/p>\n<p style=\"text-align: left;\"><strong><span style=\"font-family: arial, helvetica, sans-serif;\">Der aktuelle Vorstand setzt sich folgenderma\u00dfen zusammen:<\/span><\/strong><\/p>\n<table class=\" aligncenter\" style=\"height: 323px; width: 102.162%; border-collapse: collapse; border-style: none; border-color: #000000;\">\n<tbody>\n<tr style=\"border-style: solid; border-color: #000000;\">\n<td style=\"width: 38.661%; height: 72px; text-align: center; border-style: solid; border-color: #000000; vertical-align: middle;\"><span style=\"font-family: arial, helvetica, sans-serif; font-size: 12pt;\"><strong>1. Vorsitzender<\/strong><\/span><\/td>\n<td style=\"width: 32.2299%; text-align: center; height: 72px; border-style: solid; border-color: #000000; vertical-align: middle;\"><span style=\"font-family: arial, helvetica, sans-serif; font-size: 12pt;\">J\u00fcrgen Wessel<\/span><\/td>\n<td style=\"width: 278.14%; text-align: center; height: 72px; border-style: solid; border-color: #000000; vertical-align: middle;\"><span style=\"font-size: 8pt;\"><span style=\"font-family: arial, helvetica, sans-serif;\">Kantstr. 34<br \/>\n<\/span><span style=\"font-family: arial, helvetica, sans-serif;\">24943 Flensburg<\/span><\/span><br \/>\n<span style=\"font-family: arial, helvetica, sans-serif; font-size: 8pt;\">Tel.:\u00a0 0461 &#8211; 64357<\/span><\/td>\n<\/tr>\n<tr style=\"border-style: solid; border-color: #000000;\">\n<td style=\"width: 38.661%; text-align: center; height: 72px; border-style: solid; border-color: #000000; vertical-align: middle;\"><span style=\"font-family: arial, helvetica, sans-serif; font-size: 12pt;\"><strong>2. Vorsitzender<\/strong><\/span><\/td>\n<td style=\"width: 32.2299%; text-align: center; height: 72px; border-style: solid; border-color: #000000; vertical-align: middle;\"><span style=\"font-family: arial, helvetica, sans-serif; font-size: 12pt;\">Rainer Oechsle<\/span><\/td>\n<td style=\"width: 278.14%; text-align: center; height: 72px; border-style: solid; border-color: #000000; vertical-align: middle;\"><span style=\"font-family: arial, helvetica, sans-serif; font-size: 8px;\"><span style=\"font-size: 8pt;\"><span style=\"font-family: arial, helvetica, sans-serif;\">Fischerstr. 21<br \/>\n<\/span><span style=\"font-family: arial, helvetica, sans-serif;\">24972 Steinberghaff<\/span><\/span><br \/>\n<span style=\"font-family: arial, helvetica, sans-serif; font-size: 8pt;\">Tel.:\u00a0 0173 &#8211; 2006903<\/span><\/span><\/td>\n<\/tr>\n<tr style=\"border-style: solid; border-color: #000000;\">\n<td style=\"width: 38.661%; text-align: center; height: 58px; border-style: solid; border-color: #000000; vertical-align: middle;\"><span style=\"font-family: arial, helvetica, sans-serif; font-size: 12pt;\"><strong>Schriftf\u00fchrer<\/strong><\/span><\/td>\n<td style=\"width: 32.2299%; text-align: center; height: 58px; border-style: solid; border-color: #000000; vertical-align: middle;\"><span style=\"font-family: arial, helvetica, sans-serif; font-size: 12pt;\">R\u00fcdiger Bolz<\/span><\/td>\n<td style=\"width: 278.14%; text-align: center; height: 58px; border-style: solid; border-color: #000000; vertical-align: middle;\"><span style=\"font-family: arial, helvetica, sans-serif; font-size: 8pt;\">Oberlangberg 16<br \/>\n24983 Handewitt<br \/>\n<\/span><\/td>\n<\/tr>\n<tr style=\"border-style: solid; border-color: #000000;\">\n<td style=\"width: 38.661%; text-align: center; height: 72px; border-style: solid; border-color: #000000; vertical-align: middle;\"><span style=\"font-family: arial, helvetica, sans-serif; font-size: 12pt;\"><strong>Kassenwart<\/strong><\/span><\/td>\n<td style=\"width: 32.2299%; text-align: center; height: 72px; border-style: solid; border-color: #000000; vertical-align: middle;\"><span style=\"font-family: arial, helvetica, sans-serif; font-size: 12pt;\">J\u00fcrgen Hose<\/span><\/td>\n<td style=\"width: 278.14%; text-align: center; height: 72px; border-style: solid; border-color: #000000; vertical-align: middle;\"><span style=\"font-family: arial, helvetica, sans-serif; font-size: 8pt;\">K\u00e4tnerweg 9<\/span><br \/>\n<span style=\"font-family: arial, helvetica, sans-serif; font-size: 8pt;\">24983 Handewitt<\/span><br \/>\n<span style=\"font-family: arial, helvetica, sans-serif; font-size: 8pt;\">Tel.: 04608 &#8211; 608224<\/span><\/td>\n<\/tr>\n<\/tbody>\n<\/table>\n<p>&nbsp;<\/p>\n<p>&nbsp;<\/p>\n<p>&nbsp;<\/p>\n<p>&nbsp;<\/p>\n<p>&nbsp;<\/p>\n<p>&nbsp;<\/p>\n<p>&nbsp;<\/p>\n<p>&nbsp;<\/p>\n<p>&nbsp;<\/p>\n<p>&nbsp;<\/p>\n<p>&nbsp;<\/p>\n<p>&nbsp;<\/p>\n<p>&nbsp;<\/p>\n<p>&nbsp;<\/p>\n<p>&nbsp;<\/p>\n<p>&nbsp;<\/p>\n<p>&nbsp;<\/p>\n<p><span style=\"color: #ffffff;\">floetenunterricht.net<\/span><\/p>\n<p style=\"text-align: center;\">\n","protected":false},"excerpt":{"rendered":"<p>Der Yachtclub Steinberghaff e.V. wurde am 01.07.1966 von Fritz Augustin, Herbert Bahnsen, Paul Funke, Rudolf Winter, Peter Paulsen, Erich Schulz, Ernst Sprenger, Harald Sprenger, Wolfgang Winkler und Hans Hollesen gegr\u00fcndet. Paul Funke wurde zum 1. Vorsitzenden gew\u00e4hlt. Neben einer Br\u00fcckengemeinschaft wurde ebenfalls ein Bojenfeld erschlossen. Der Yachtclub veranstaltet seit jeher Segelregatten, Geschwaderfahrten und Skipperfeste, an [&hellip;]<\/p>\n","protected":false},"author":8,"featured_media":0,"parent":0,"menu_order":0,"comment_status":"closed","ping_status":"closed","template":"","meta":{"footnotes":""},"class_list":["post-38","page","type-page","status-publish","hentry"],"_links":{"self":[{"href":"https:\/\/www.yachtclub-steinberghaff.de\/index.php?rest_route=\/wp\/v2\/pages\/38","targetHints":{"allow":["GET"]}}],"collection":[{"href":"https:\/\/www.yachtclub-steinberghaff.de\/index.php?rest_route=\/wp\/v2\/pages"}],"about":[{"href":"https:\/\/www.yachtclub-steinberghaff.de\/index.php?rest_route=\/wp\/v2\/types\/page"}],"author":[{"embeddable":true,"href":"https:\/\/www.yachtclub-steinberghaff.de\/index.php?rest_route=\/wp\/v2\/users\/8"}],"replies":[{"embeddable":true,"href":"https:\/\/www.yachtclub-steinberghaff.de\/index.php?rest_route=%2Fwp%2Fv2%2Fcomments&post=38"}],"version-history":[{"count":49,"href":"https:\/\/www.yachtclub-steinberghaff.de\/index.php?rest_route=\/wp\/v2\/pages\/38\/revisions"}],"predecessor-version":[{"id":752,"href":"https:\/\/www.yachtclub-steinberghaff.de\/index.php?rest_route=\/wp\/v2\/pages\/38\/revisions\/752"}],"wp:attachment":[{"href":"https:\/\/www.yachtclub-steinberghaff.de\/index.php?rest_route=%2Fwp%2Fv2%2Fmedia&parent=38"}],"curies":[{"name":"wp","href":"https:\/\/api.w.org\/{rel}","templated":true}]}}